{"id":4445,"date":"2018-02-28T05:17:52","date_gmt":"2018-02-28T05:17:52","guid":{"rendered":"http:\/\/tomoproject.com\/?page_id=4445"},"modified":"2018-05-27T11:32:19","modified_gmt":"2018-05-27T11:32:19","slug":"contact","status":"publish","type":"page","link":"https:\/\/www.tomoproject.com\/vi\/contact\/","title":{"rendered":"Li\u00ean H\u1ec7"},"content":{"rendered":"<div  class=\"tatsu-frq43lca99dgn3r4 tatsu-section  tatsu-fullscreen tatsu-bg-overlay   tatsu-clearfix\" data-title=\"\"  data-headerscheme=\"background--dark\"><div class=\"tatsu-fullscreen-wrap\"><div class='tatsu-section-pad clearfix' data-padding='{\"d\":\"200px 0px 200px 0px \"}' data-padding-top='200px'><div class=\"tatsu-row-wrap  tatsu-wrap tatsu-row-has-one-half tatsu-row-has-two-cols tatsu-medium-gutter tatsu-reg-cols  tatsu-clearfix tatsu-frq43lcalvcjmsi3\" ><div  class=\"tatsu-row \" ><div  class=\"tatsu-column  tatsu-column-no-bg tatsu-one-half tatsu-column-image- tatsu-column-effect-  tatsu-frq43lcaxc96p8n6\" data-animation=\"fadeIn\"   data-parallax-speed=\"0\" style=\"\"><div class=\"tatsu-column-inner \" ><div class=\"tatsu-column-pad-wrap\"><div class=\"tatsu-column-pad\" ><div  class=\"tatsu-module tatsu-inline-text clearfix tatsu-frq43lcb5whlne8   \" data-animation=\"fadeIn\" data-animation-delay=\"150\" ><style>.tatsu-frq43lcb5whlne8 .tatsu-inline-text-inner{width: 100%;}<\/style><div class=\"tatsu-inline-text-inner tatsu-align-center\">\n<h1><span style=\"color: #ffffff;\"><span style=\"color: #ea9b3d;\">TOMO Project<\/span> mu\u1ed1n h\u1ee3p t&aacute;c c&ugrave;ng b\u1ea1n!<\/span><\/h1>\n<\/div><\/div><div  class=\"tatsu-module tatsu-divider-wrap tatsu-animate tatsu-frq43lceqh7npz33   \"  ><style>.tatsu-frq43lceqh7npz33 .tatsu-divider{height: 2px;width: 75%;background: rgba(237,153,78,1);}.tatsu-frq43lceqh7npz33.tatsu-divider-wrap{text-align: left;}<\/style><hr class=\"tatsu-divider\"\/><\/div><\/div><\/div><div class = \"tatsu-column-bg-image-wrap\"><div class = \"tatsu-column-bg-image\" ><\/div><\/div><\/div><style>.tatsu-frq43lcaxc96p8n6.tatsu-column > .tatsu-column-inner > .tatsu-column-overlay{mix-blend-mode: none;}.tatsu-frq43lcaxc96p8n6 > .tatsu-column-inner > .tatsu-top-divider{z-index: 9999;}.tatsu-frq43lcaxc96p8n6 > .tatsu-column-inner > .tatsu-bottom-divider{z-index: 9999;}.tatsu-frq43lcaxc96p8n6 > .tatsu-column-inner > .tatsu-left-divider{z-index: 9999;}.tatsu-frq43lcaxc96p8n6 > .tatsu-column-inner > .tatsu-right-divider{z-index: 9999;}.tatsu-frq43lcaxc96p8n6.tatsu-column{transform: translate3d(0px,0px, 0);}<\/style><\/div><div  class=\"tatsu-column  tatsu-column-no-bg tatsu-column-empty tatsu-one-half tatsu-column-image- tatsu-column-effect-  tatsu-frq43lcfw0geg2hf\" data-animation=\"fadeIn\"   data-parallax-speed=\"0\" style=\"\"><div class=\"tatsu-column-inner \" ><div class=\"tatsu-column-pad-wrap\"><div class=\"tatsu-column-pad\" ><\/div><\/div><div class = \"tatsu-column-bg-image-wrap\"><div class = \"tatsu-column-bg-image\" ><\/div><\/div><\/div><style>.tatsu-frq43lcfw0geg2hf.tatsu-column > .tatsu-column-inner > .tatsu-column-overlay{mix-blend-mode: none;}.tatsu-frq43lcfw0geg2hf > .tatsu-column-inner > .tatsu-top-divider{z-index: 9999;}.tatsu-frq43lcfw0geg2hf > .tatsu-column-inner > .tatsu-bottom-divider{z-index: 9999;}.tatsu-frq43lcfw0geg2hf > .tatsu-column-inner > .tatsu-left-divider{z-index: 9999;}.tatsu-frq43lcfw0geg2hf > .tatsu-column-inner > .tatsu-right-divider{z-index: 9999;}.tatsu-frq43lcfw0geg2hf.tatsu-column{transform: translate3d(0px,0px, 0);}<\/style><\/div><\/div><\/div><\/div><div class=\"tatsu-section-background-wrap\"><div class = \"tatsu-section-background\" ><\/div><\/div><div class=\"tatsu-overlay tatsu-section-overlay\"><\/div><\/div><style>.tatsu-frq43lca99dgn3r4 .tatsu-section-background{background-image: url(http:\/\/tomoproject.com\/wp-content\/uploads\/2018\/02\/tomo_lighting_equipment.jpg);background-repeat: no-repeat;background-attachment: scroll;background-position: center center;background-size: cover;}.tatsu-frq43lca99dgn3r4 .tatsu-bg-blur{background-repeat: no-repeat;background-attachment: scroll;background-position: center center;background-size: cover;}.tatsu-frq43lca99dgn3r4 .tatsu-section-pad{padding: 200px 0px 200px 0px ;}.tatsu-frq43lca99dgn3r4.tatsu-section{margin: 0px 0px 0px 0px;}.tatsu-frq43lca99dgn3r4 > .tatsu-bottom-divider{z-index: 9999;}.tatsu-frq43lca99dgn3r4 > .tatsu-top-divider{z-index: 9999;}.tatsu-frq43lca99dgn3r4 .tatsu-section-overlay{background: rgba(0,0,0,0.5);}<\/style><\/div><div  class=\"tatsu-frq43lcg4la0jy9r tatsu-section    tatsu-clearfix\" data-title=\"\"  data-headerscheme=\"background--dark\"><div class='tatsu-section-pad clearfix' data-padding='{\"d\":\"90px 0px 90px 0px\"}' data-padding-top='90px'><div class=\"tatsu-row-wrap  tatsu-wrap tatsu-row-has-one-half tatsu-row-has-two-cols tatsu-medium-gutter tatsu-reg-cols  tatsu-clearfix tatsu-frq43lcge46wmkwu\" ><div  class=\"tatsu-row \" ><div  class=\"tatsu-column  tatsu-column-no-bg tatsu-one-half tatsu-column-image- tatsu-column-effect-  tatsu-frq43lcgsdu41sl\" data-animation=\"fadeIn\"   data-parallax-speed=\"0\" style=\"\"><div class=\"tatsu-column-inner \" ><div class=\"tatsu-column-pad-wrap\"><div class=\"tatsu-column-pad\" ><div  class=\"tatsu-module tatsu-inline-text clearfix tatsu-frq43lch23570dqx   \" data-animation=\"fadeIn\" data-animation-delay=\"150\" ><style>.tatsu-frq43lch23570dqx .tatsu-inline-text-inner{width: 100%;}<\/style><div class=\"tatsu-inline-text-inner tatsu-align-center\">\n<h1><span style=\"color: #000000;\">Ch\u00fang t\u00f4i nh\u1eadn d\u1ef1 \u00e1n t\u1eeb Vi\u1ec7t Nam v\u00e0 c\u00e1c n\u01b0\u1edbc \u0110\u00f4ng Nam \u00c1.<\/span><\/h1>\n<\/div><\/div><div  class=\"tatsu-module tatsu-divider-wrap tatsu-animate tatsu-frq43lcidufbu0cd   \"  ><style>.tatsu-frq43lcidufbu0cd .tatsu-divider{height: 2px;width: 75%;background: rgba(237,153,78,1);}.tatsu-frq43lcidufbu0cd.tatsu-divider-wrap{text-align: left;}<\/style><hr class=\"tatsu-divider\"\/><\/div><\/div><\/div><div class = \"tatsu-column-bg-image-wrap\"><div class = \"tatsu-column-bg-image\" ><\/div><\/div><\/div><style>.tatsu-frq43lcgsdu41sl.tatsu-column > .tatsu-column-inner > .tatsu-column-overlay{mix-blend-mode: none;}.tatsu-frq43lcgsdu41sl > .tatsu-column-inner > .tatsu-top-divider{z-index: 9999;}.tatsu-frq43lcgsdu41sl > .tatsu-column-inner > .tatsu-bottom-divider{z-index: 9999;}.tatsu-frq43lcgsdu41sl > .tatsu-column-inner > .tatsu-left-divider{z-index: 9999;}.tatsu-frq43lcgsdu41sl > .tatsu-column-inner > .tatsu-right-divider{z-index: 9999;}.tatsu-frq43lcgsdu41sl.tatsu-column{transform: translate3d(0px,0px, 0);}<\/style><\/div><div  class=\"tatsu-column  tatsu-column-no-bg tatsu-one-half tatsu-column-image- tatsu-column-effect-  tatsu-frq43lcjgue615u1\" data-animation=\"fadeIn\"   data-parallax-speed=\"0\" style=\"\"><div class=\"tatsu-column-inner \" ><div class=\"tatsu-column-pad-wrap\"><div class=\"tatsu-column-pad\" ><div  class=\"tatsu-module tatsu-inline-text clearfix tatsu-frq43lcjrjbxcoeh   \" data-animation=\"fadeIn\"  ><style>.tatsu-frq43lcjrjbxcoeh .tatsu-inline-text-inner{width: 100%;}<\/style><div class=\"tatsu-inline-text-inner tatsu-align-center\">\n<p>Studio c\u1ee7a TOMO Project n\u1eb1m trong khu v\u1ef1c trung t\u00e2m c\u1ee7a th\u00e0nh ph\u1ed1 H\u00e0 N\u1ed9i. H\u00e3y gh\u00e9 qua v\u00e0 cho ch\u00fang t\u00f4i bi\u1ebft TOMO Project c\u00f3 th\u1ec3 gi\u00fap g\u00ec?<\/p>\n<\/div><\/div><\/div><\/div><div class = \"tatsu-column-bg-image-wrap\"><div class = \"tatsu-column-bg-image\" ><\/div><\/div><\/div><style>.tatsu-frq43lcjgue615u1.tatsu-column > .tatsu-column-inner > .tatsu-column-overlay{mix-blend-mode: none;}.tatsu-frq43lcjgue615u1 > .tatsu-column-inner > .tatsu-top-divider{z-index: 9999;}.tatsu-frq43lcjgue615u1 > .tatsu-column-inner > .tatsu-bottom-divider{z-index: 9999;}.tatsu-frq43lcjgue615u1 > .tatsu-column-inner > .tatsu-left-divider{z-index: 9999;}.tatsu-frq43lcjgue615u1 > .tatsu-column-inner > .tatsu-right-divider{z-index: 9999;}.tatsu-frq43lcjgue615u1.tatsu-column{transform: translate3d(0px,0px, 0);}<\/style><\/div><\/div><\/div><div class=\"tatsu-row-wrap  tatsu-wrap tatsu-row-has-one-half tatsu-row-has-two-cols tatsu-medium-gutter tatsu-reg-cols  tatsu-clearfix tatsu-frq43lckyn4f95jt\" ><div  class=\"tatsu-row \" ><div  class=\"tatsu-column  tatsu-column-no-bg tatsu-one-half tatsu-column-image- tatsu-column-effect-  tatsu-frq43lclcj295zfw\" data-animation=\"fadeIn\"   data-parallax-speed=\"0\" style=\"\"><div class=\"tatsu-column-inner \" ><div class=\"tatsu-column-pad-wrap\"><div class=\"tatsu-column-pad\" ><div  class=\"tatsu-module tatsu-inline-text clearfix tatsu-frq43lcllo6hyt8q   \" data-animation=\"fadeIn\" data-animation-delay=\"150\" ><style>.tatsu-frq43lcllo6hyt8q .tatsu-inline-text-inner{width: 100%;}<\/style><div class=\"tatsu-inline-text-inner tatsu-align-center\">\n<h4>TOMO Pr0ject Studio<\/h4>\n<p><span style=\"font-size: 18px; letter-spacing: 0px;\">48 Ng\u1ecdc H\u00e0, Ba \u0110\u00ecnh, H\u00e0 N\u1ed9i.<\/span><\/p>\n<h4>\u00a0<\/h4>\n<h4>\u00a0<\/h4>\n<h4>Email: hello@tomoproject.com<\/h4>\n<h4>Phone: +84 976 661 931 &#8211; +84 969 693 950<\/h4>\n<\/div><\/div><\/div><\/div><div class = \"tatsu-column-bg-image-wrap\"><div class = \"tatsu-column-bg-image\" ><\/div><\/div><\/div><style>.tatsu-frq43lclcj295zfw.tatsu-column > .tatsu-column-inner > .tatsu-column-overlay{mix-blend-mode: none;}.tatsu-frq43lclcj295zfw > .tatsu-column-inner > .tatsu-top-divider{z-index: 9999;}.tatsu-frq43lclcj295zfw > .tatsu-column-inner > .tatsu-bottom-divider{z-index: 9999;}.tatsu-frq43lclcj295zfw > .tatsu-column-inner > .tatsu-left-divider{z-index: 9999;}.tatsu-frq43lclcj295zfw > .tatsu-column-inner > .tatsu-right-divider{z-index: 9999;}.tatsu-frq43lclcj295zfw.tatsu-column{transform: translate3d(0px,0px, 0);}<\/style><\/div><div  class=\"tatsu-column  tatsu-column-no-bg tatsu-one-half tatsu-column-image- tatsu-column-effect-  tatsu-frq43lcn7tbiuyc7\" data-animation=\"fadeIn\"   data-parallax-speed=\"0\" style=\"\"><div class=\"tatsu-column-inner \" ><div class=\"tatsu-column-pad-wrap\"><div class=\"tatsu-column-pad\" ><div  class=\"tatsu-module tatsu-notification tatsu-error tatsu-frq43lcnha5x27jj\">Your Server is Unable to connect to the Google Geocoding API, kindly visit <a href=\"http:\/\/www.latlong.net\/convert-address-to-lat-long.html\" target=\"_blank\">THIS LINK <\/a>, find out the latitude and longitude of your address and enter it manually in the Google Maps Module of the Page Builder <style>.tatsu-frq43lcnha5x27jj{height: 500px;}<\/style><\/div><\/div><\/div><div class = \"tatsu-column-bg-image-wrap\"><div class = \"tatsu-column-bg-image\" ><\/div><\/div><\/div><style>.tatsu-frq43lcn7tbiuyc7.tatsu-column > .tatsu-column-inner > .tatsu-column-overlay{mix-blend-mode: none;}.tatsu-frq43lcn7tbiuyc7 > .tatsu-column-inner > .tatsu-top-divider{z-index: 9999;}.tatsu-frq43lcn7tbiuyc7 > .tatsu-column-inner > .tatsu-bottom-divider{z-index: 9999;}.tatsu-frq43lcn7tbiuyc7 > .tatsu-column-inner > .tatsu-left-divider{z-index: 9999;}.tatsu-frq43lcn7tbiuyc7 > .tatsu-column-inner > .tatsu-right-divider{z-index: 9999;}.tatsu-frq43lcn7tbiuyc7.tatsu-column{transform: translate3d(0px,0px, 0);}<\/style><\/div><\/div><\/div><\/div><div class=\"tatsu-section-background-wrap\"><div class = \"tatsu-section-background\" ><\/div><\/div><style>.tatsu-frq43lcg4la0jy9r .tatsu-section-pad{padding: 90px 0px 90px 0px;}.tatsu-frq43lcg4la0jy9r.tatsu-section{margin: 0px 0px 0px 0px;}.tatsu-frq43lcg4la0jy9r > .tatsu-bottom-divider{z-index: 9999;}.tatsu-frq43lcg4la0jy9r > .tatsu-top-divider{z-index: 9999;}<\/style><\/div>\n","protected":false},"excerpt":{"rendered":"<p><a href=\"https:\/\/www.tomoproject.com\/vi\/contact\/\" class=\"more-link style3-button\">Read More<\/a><\/p>","protected":false},"author":3,"featured_media":0,"parent":0,"menu_order":0,"comment_status":"closed","ping_status":"closed","template":"","meta":{"footnotes":""},"class_list":["post-4445","page","type-page","status-publish","hentry"],"yoast_head":"<!-- This site is optimized with the Yoast SEO plugin v27.5 - https:\/\/yoast.com\/product\/yoast-seo-wordpress\/ -->\n<title>Li\u00ean H\u1ec7 | TOMO Project<\/title>\n<meta name=\"robots\" content=\"index, follow, max-snippet:-1, max-image-preview:large, max-video-preview:-1\" \/>\n<link rel=\"canonical\" href=\"https:\/\/www.tomoproject.com\/vi\/contact\/\" \/>\n<meta property=\"og:locale\" content=\"vi_VN\" \/>\n<meta property=\"og:type\" content=\"article\" \/>\n<meta property=\"og:title\" content=\"Li\u00ean H\u1ec7 | TOMO Project\" \/>\n<meta property=\"og:url\" content=\"https:\/\/www.tomoproject.com\/vi\/contact\/\" \/>\n<meta property=\"og:site_name\" content=\"TOMO Project\" \/>\n<meta property=\"article:publisher\" content=\"https:\/\/www.facebook.com\/tomoprojectvn\/\" \/>\n<meta property=\"article:modified_time\" content=\"2018-05-27T11:32:19+00:00\" \/>\n<meta name=\"twitter:card\" content=\"summary_large_image\" \/>\n<meta name=\"twitter:label1\" content=\"Est. reading time\" \/>\n\t<meta name=\"twitter:data1\" content=\"6 minutes\" \/>\n<script type=\"application\/ld+json\" class=\"yoast-schema-graph\">{\"@context\":\"https:\\\/\\\/schema.org\",\"@graph\":[{\"@type\":\"WebPage\",\"@id\":\"https:\\\/\\\/www.tomoproject.com\\\/vi\\\/contact\\\/\",\"url\":\"https:\\\/\\\/www.tomoproject.com\\\/vi\\\/contact\\\/\",\"name\":\"Li\u00ean H\u1ec7 | TOMO Project\",\"isPartOf\":{\"@id\":\"https:\\\/\\\/www.tomoproject.com\\\/#website\"},\"datePublished\":\"2018-02-28T05:17:52+00:00\",\"dateModified\":\"2018-05-27T11:32:19+00:00\",\"breadcrumb\":{\"@id\":\"https:\\\/\\\/www.tomoproject.com\\\/vi\\\/contact\\\/#breadcrumb\"},\"inLanguage\":\"vi-VN\",\"potentialAction\":[{\"@type\":\"ReadAction\",\"target\":[\"https:\\\/\\\/www.tomoproject.com\\\/vi\\\/contact\\\/\"]}]},{\"@type\":\"BreadcrumbList\",\"@id\":\"https:\\\/\\\/www.tomoproject.com\\\/vi\\\/contact\\\/#breadcrumb\",\"itemListElement\":[{\"@type\":\"ListItem\",\"position\":1,\"name\":\"TOMO Project | Commercial Photography in Vietnam\",\"item\":\"https:\\\/\\\/www.tomoproject.com\\\/vi\\\/\"},{\"@type\":\"ListItem\",\"position\":2,\"name\":\"Li\u00ean H\u1ec7\"}]},{\"@type\":\"WebSite\",\"@id\":\"https:\\\/\\\/www.tomoproject.com\\\/#website\",\"url\":\"https:\\\/\\\/www.tomoproject.com\\\/\",\"name\":\"TOMO Project\",\"description\":\"Photo &amp; Film Agency From Vietnam\",\"potentialAction\":[{\"@type\":\"SearchAction\",\"target\":{\"@type\":\"EntryPoint\",\"urlTemplate\":\"https:\\\/\\\/www.tomoproject.com\\\/?s={search_term_string}\"},\"query-input\":{\"@type\":\"PropertyValueSpecification\",\"valueRequired\":true,\"valueName\":\"search_term_string\"}}],\"inLanguage\":\"vi-VN\"}]}<\/script>\n<!-- \/ Yoast SEO plugin. -->","yoast_head_json":{"title":"Li\u00ean H\u1ec7 | TOMO Project","robots":{"index":"index","follow":"follow","max-snippet":"max-snippet:-1","max-image-preview":"max-image-preview:large","max-video-preview":"max-video-preview:-1"},"canonical":"https:\/\/www.tomoproject.com\/vi\/contact\/","og_locale":"vi_VN","og_type":"article","og_title":"Li\u00ean H\u1ec7 | TOMO Project","og_url":"https:\/\/www.tomoproject.com\/vi\/contact\/","og_site_name":"TOMO Project","article_publisher":"https:\/\/www.facebook.com\/tomoprojectvn\/","article_modified_time":"2018-05-27T11:32:19+00:00","twitter_card":"summary_large_image","twitter_misc":{"Est. reading time":"6 minutes"},"schema":{"@context":"https:\/\/schema.org","@graph":[{"@type":"WebPage","@id":"https:\/\/www.tomoproject.com\/vi\/contact\/","url":"https:\/\/www.tomoproject.com\/vi\/contact\/","name":"Li\u00ean H\u1ec7 | TOMO Project","isPartOf":{"@id":"https:\/\/www.tomoproject.com\/#website"},"datePublished":"2018-02-28T05:17:52+00:00","dateModified":"2018-05-27T11:32:19+00:00","breadcrumb":{"@id":"https:\/\/www.tomoproject.com\/vi\/contact\/#breadcrumb"},"inLanguage":"vi-VN","potentialAction":[{"@type":"ReadAction","target":["https:\/\/www.tomoproject.com\/vi\/contact\/"]}]},{"@type":"BreadcrumbList","@id":"https:\/\/www.tomoproject.com\/vi\/contact\/#breadcrumb","itemListElement":[{"@type":"ListItem","position":1,"name":"TOMO Project | Commercial Photography in Vietnam","item":"https:\/\/www.tomoproject.com\/vi\/"},{"@type":"ListItem","position":2,"name":"Li\u00ean H\u1ec7"}]},{"@type":"WebSite","@id":"https:\/\/www.tomoproject.com\/#website","url":"https:\/\/www.tomoproject.com\/","name":"TOMO Project","description":"Photo &amp; Film Agency From Vietnam","potentialAction":[{"@type":"SearchAction","target":{"@type":"EntryPoint","urlTemplate":"https:\/\/www.tomoproject.com\/?s={search_term_string}"},"query-input":{"@type":"PropertyValueSpecification","valueRequired":true,"valueName":"search_term_string"}}],"inLanguage":"vi-VN"}]}},"_links":{"self":[{"href":"https:\/\/www.tomoproject.com\/vi\/wp-json\/wp\/v2\/pages\/4445","targetHints":{"allow":["GET"]}}],"collection":[{"href":"https:\/\/www.tomoproject.com\/vi\/wp-json\/wp\/v2\/pages"}],"about":[{"href":"https:\/\/www.tomoproject.com\/vi\/wp-json\/wp\/v2\/types\/page"}],"author":[{"embeddable":true,"href":"https:\/\/www.tomoproject.com\/vi\/wp-json\/wp\/v2\/users\/3"}],"replies":[{"embeddable":true,"href":"https:\/\/www.tomoproject.com\/vi\/wp-json\/wp\/v2\/comments?post=4445"}],"version-history":[{"count":0,"href":"https:\/\/www.tomoproject.com\/vi\/wp-json\/wp\/v2\/pages\/4445\/revisions"}],"wp:attachment":[{"href":"https:\/\/www.tomoproject.com\/vi\/wp-json\/wp\/v2\/media?parent=4445"}],"curies":[{"name":"wp","href":"https:\/\/api.w.org\/{rel}","templated":true}]}}